{"id":90,"date":"2015-10-07T14:02:25","date_gmt":"2015-10-07T12:02:25","guid":{"rendered":"http:\/\/www.mundmtrade.com\/wp\/?page_id=90"},"modified":"2022-08-19T12:35:14","modified_gmt":"2022-08-19T10:35:14","slug":"impressum","status":"publish","type":"page","link":"https:\/\/mundmtrade.cloud04.webhome.at\/wp\/?page_id=90","title":{"rendered":"Impressum"},"content":{"rendered":"<p style=\"text-align: left;\"><span style=\"text-decoration: underline;\">\u00d6sterreich<\/span><\/p>\n<p style=\"text-align: left;\">M &amp; M TRADE GMBH<\/p>\n<p style=\"text-align: left;\">Gewerbepark 5\/8<\/p>\n<p style=\"text-align: left;\">A-6068 Mils bei Hall<\/p>\n<p style=\"text-align: left;\">UID: ATU 69839507<\/p>\n<p style=\"text-align: left;\">Firmenbuch: FN 439027 d<\/p>\n<p>Gesch\u00e4ftsf\u00fchrer: Alfred Matt<\/p>\n<p style=\"text-align: left;\"><u>Deutschland<\/u><\/p>\n<p>M &amp; M TRADE GMBH<\/p>\n<p>Gabelsbergerstra\u00dfe 1<\/p>\n<p>D-83022 Rosenheim<\/p>\n<p>UID:\u00a0DE 815615695<\/p>\n<p>Handelsregister: HRB 25740<\/p>\n<p>Gesch\u00e4ftsf\u00fchrer: Alfred Matt<\/p>\n","protected":false},"excerpt":{"rendered":"<p>\u00d6sterreich M &amp; M TRADE GMBH Gewerbepark 5\/8 A-6068 Mils bei Hall UID: ATU 69839507 Firmenbuch: FN 439027 d Gesch\u00e4ftsf\u00fchrer: Alfred Matt Deutschland M &amp; M TRADE GMBH Gabelsbergerstra\u00dfe 1 D-83022 Rosenheim UID:\u00a0DE 815615695 Handelsregister: HRB 25740 Gesch\u00e4ftsf\u00fchrer: Alfred Matt<\/p>\n","protected":false},"author":1,"featured_media":0,"parent":0,"menu_order":999,"comment_status":"closed","ping_status":"closed","template":"","meta":{"footnotes":""},"class_list":["post-90","page","type-page","status-publish","hentry"],"_links":{"self":[{"href":"https:\/\/mundmtrade.cloud04.webhome.at\/wp\/index.php?rest_route=\/wp\/v2\/pages\/90","targetHints":{"allow":["GET"]}}],"collection":[{"href":"https:\/\/mundmtrade.cloud04.webhome.at\/wp\/index.php?rest_route=\/wp\/v2\/pages"}],"about":[{"href":"https:\/\/mundmtrade.cloud04.webhome.at\/wp\/index.php?rest_route=\/wp\/v2\/types\/page"}],"author":[{"embeddable":true,"href":"https:\/\/mundmtrade.cloud04.webhome.at\/wp\/index.php?rest_route=\/wp\/v2\/users\/1"}],"replies":[{"embeddable":true,"href":"https:\/\/mundmtrade.cloud04.webhome.at\/wp\/index.php?rest_route=%2Fwp%2Fv2%2Fcomments&post=90"}],"version-history":[{"count":16,"href":"https:\/\/mundmtrade.cloud04.webhome.at\/wp\/index.php?rest_route=\/wp\/v2\/pages\/90\/revisions"}],"predecessor-version":[{"id":878,"href":"https:\/\/mundmtrade.cloud04.webhome.at\/wp\/index.php?rest_route=\/wp\/v2\/pages\/90\/revisions\/878"}],"wp:attachment":[{"href":"https:\/\/mundmtrade.cloud04.webhome.at\/wp\/index.php?rest_route=%2Fwp%2Fv2%2Fmedia&parent=90"}],"curies":[{"name":"wp","href":"https:\/\/api.w.org\/{rel}","templated":true}]}}