{"id":64,"date":"2015-10-05T15:18:54","date_gmt":"2015-10-05T13:18:54","guid":{"rendered":"http:\/\/www.mundmtrade.com\/wp\/?page_id=64"},"modified":"2019-07-23T14:24:48","modified_gmt":"2019-07-23T12:24:48","slug":"unternehmen-4","status":"publish","type":"page","link":"https:\/\/mundmtrade.cloud04.webhome.at\/wp\/?page_id=64","title":{"rendered":"Mission Statement"},"content":{"rendered":"<p>Tiefk\u00fchlprodukte gewinnen immer mehr an Bedeutung und Beliebtheit bei den Konsumenten, weshalb es sich die M&amp;M Trade GmbH, ein aufstrebendes und innovatives Handelsunternehmen im gehobenen Food-Service-Bereich, zum Ziel gesetzt hat, eine durchdachte und breite Palette an ausgew\u00e4hlten und qualitativ hochwertigen Tiefk\u00fchlwaren in den Handel zu bringen. Seit mehr als 14 Jahren beliefern wir l\u00e4nder\u00fcbergreifend Gro\u00dfh\u00e4ndler, C&amp;C-M\u00e4rkte\u00a0und Restaurantketten in Deutsch\u00adland,\u00a0Italien und \u00d6sterreich und \u00fcberzeugen unsere Kunden mit Top-Angeboten, optimalen Preis-Leistungsverh\u00e4ltnissen sowie einer z\u00fcgigen und professionellen Abwicklung von Anfragen und Auftr\u00e4gen.<\/p>\n<p>Egal ob Fingerfood, Brot, Burger-Buns oder andere Backwaren, werden alle von unseren Kunden bestellten Waren in Fahrzeugen mit speziellen Tiefk\u00fchlvorrichtungen transportiert, welche die gesetzlich vorgeschriebene Temperatur von mind. -18\u00b0 C garantieren, \u00a0wobei jeder LKW mit einem eigenen Temperaturaufzeichnungsger\u00e4t ausgestattet ist, sodass die Qualit\u00e4t der von uns gelieferten Produkte jederzeit belegt werden kann.<\/p>\n<p>Da sich die Welt der Lebensmittelbranche immer schneller dreht und Kunden sowie G\u00e4ste immer h\u00f6here Anspr\u00fcche an Dienstleister stellen, ist es wichtig, auf dem Markt einen flexiblen und kompetenten Partner zu haben, der in der Lage ist, auf alle Situationen und Anliegen prompt und unkompliziert zu reagieren.<\/p>\n<p>Gern setzen wir auch Ihre Kundenw\u00fcnsche und -vorstellungen rasch und routiniert um. Sie haben Fragen zu unseren Produktreihen oder m\u00f6chten eine Bestellung aufgeben? Dann finden Sie <a href=\"http:\/\/www.mundmtrade.com\/wp\/?page_id=72\">HIER<\/a> unsere Kontaktdaten.<\/p>\n","protected":false},"excerpt":{"rendered":"<p>Tiefk\u00fchlprodukte gewinnen immer mehr an Bedeutung und Beliebtheit bei den Konsumenten, weshalb es sich die M&amp;M Trade GmbH, ein aufstrebendes und innovatives Handelsunternehmen im gehobenen Food-Service-Bereich, zum Ziel gesetzt hat, eine durchdachte und breite Palette an ausgew\u00e4hlten und qualitativ hochwertigen Tiefk\u00fchlwaren in den Handel zu bringen. Seit mehr als 14 Jahren beliefern wir l\u00e4nder\u00fcbergreifend Gro\u00dfh\u00e4ndler, <a class=\"more-link\" href=\"https:\/\/mundmtrade.cloud04.webhome.at\/wp\/?page_id=64\">weiterlesen&#8230;<\/a><\/p>\n","protected":false},"author":1,"featured_media":0,"parent":0,"menu_order":10,"comment_status":"closed","ping_status":"closed","template":"","meta":{"footnotes":""},"class_list":["post-64","page","type-page","status-publish","hentry"],"_links":{"self":[{"href":"https:\/\/mundmtrade.cloud04.webhome.at\/wp\/index.php?rest_route=\/wp\/v2\/pages\/64","targetHints":{"allow":["GET"]}}],"collection":[{"href":"https:\/\/mundmtrade.cloud04.webhome.at\/wp\/index.php?rest_route=\/wp\/v2\/pages"}],"about":[{"href":"https:\/\/mundmtrade.cloud04.webhome.at\/wp\/index.php?rest_route=\/wp\/v2\/types\/page"}],"author":[{"embeddable":true,"href":"https:\/\/mundmtrade.cloud04.webhome.at\/wp\/index.php?rest_route=\/wp\/v2\/users\/1"}],"replies":[{"embeddable":true,"href":"https:\/\/mundmtrade.cloud04.webhome.at\/wp\/index.php?rest_route=%2Fwp%2Fv2%2Fcomments&post=64"}],"version-history":[{"count":17,"href":"https:\/\/mundmtrade.cloud04.webhome.at\/wp\/index.php?rest_route=\/wp\/v2\/pages\/64\/revisions"}],"predecessor-version":[{"id":505,"href":"https:\/\/mundmtrade.cloud04.webhome.at\/wp\/index.php?rest_route=\/wp\/v2\/pages\/64\/revisions\/505"}],"wp:attachment":[{"href":"https:\/\/mundmtrade.cloud04.webhome.at\/wp\/index.php?rest_route=%2Fwp%2Fv2%2Fmedia&parent=64"}],"curies":[{"name":"wp","href":"https:\/\/api.w.org\/{rel}","templated":true}]}}