{"id":370,"date":"2017-06-01T14:04:19","date_gmt":"2017-06-01T12:04:19","guid":{"rendered":"http:\/\/www.mundmtrade.com\/wp\/?page_id=370"},"modified":"2021-07-16T15:53:45","modified_gmt":"2021-07-16T13:53:45","slug":"partner-referenzen","status":"publish","type":"page","link":"https:\/\/mundmtrade.cloud04.webhome.at\/wp\/?page_id=370","title":{"rendered":"Partner \/ Referenzen"},"content":{"rendered":"<p>Die M&amp;M Trade GmbH ist st\u00e4ndig bestrebt, Produkte in gro\u00dfen Mengen und bester Qualit\u00e4t f\u00fcr Ihre Kunden zur gew\u00fcnschten Zeit an den richtigen Ort zu bringen. Ein gro\u00dfes Partnernetz von Lieferanten und Transporteuren ist uns dabei behilflich, Gro\u00dfh\u00e4ndler und Unternehmen in der Gastronomie professionell, schnell und unkompliziert zu beliefern. Um unsere hohen Qualit\u00e4tsstandards kontinuierlich zu pflegen und weiterzuentwickeln, setzen wir auf langfristige und partnerschaftliche Gesch\u00e4ftsbeziehungen, die f\u00fcr eine hohe Qualit\u00e4t der von uns vertriebenen Waren sorgen und f\u00fcr die Zufriedenheit unserer Kunden ma\u00dfgeblich sind. Deshalb freut es uns besonders, die nachstehenden Unternehmen zu unseren langj\u00e4hrigen Vertragspartnern zu z\u00e4hlen:<\/p>\n<p>AIBLER Fleisch- und Wurstwaren Produktions GmbH<\/p>\n<p>Alfafood GmbH<\/p>\n<p>Alfapack GmbH<\/p>\n<p>Andr\u00e9 &amp; Marcello Mazzola GbR<\/p>\n<p>Becker Gourmet GmbH<\/p>\n<p>Chili Peppers Food Service GmbH<\/p>\n<p>Dev Pack Handels GmbH<\/p>\n<p>Eisendle Frisch- und Tiefk\u00fchlwaren KG<\/p>\n<p>Emil F\u00e4rber GmbH &amp; Co. KG R\u00f6dermark<\/p>\n<p>Gastro Haring GmbH<\/p>\n<p>Genusswelt Obst Winkler GmbH<\/p>\n<p>Hamberger Gro\u00dfhandels GmbH<\/p>\n<p>Intergast Handels GmbH (Wien)<\/p>\n<p>Kr\u00f6swang GmbH<\/p>\n<p>Limex GmbH<\/p>\n<p>M-Preis Warenvertriebs GmbH<\/p>\n<p>N-Real Gastro GmbH<\/p>\n<p>Saray Handels GmbH<\/p>\n<p>Team Back GmbH<\/p>\n","protected":false},"excerpt":{"rendered":"<p>Die M&amp;M Trade GmbH ist st\u00e4ndig bestrebt, Produkte in gro\u00dfen Mengen und bester Qualit\u00e4t f\u00fcr Ihre Kunden zur gew\u00fcnschten Zeit an den richtigen Ort zu bringen. Ein gro\u00dfes Partnernetz von Lieferanten und Transporteuren ist uns dabei behilflich, Gro\u00dfh\u00e4ndler und Unternehmen in der Gastronomie professionell, schnell und unkompliziert zu beliefern. Um unsere hohen Qualit\u00e4tsstandards kontinuierlich zu <a class=\"more-link\" href=\"https:\/\/mundmtrade.cloud04.webhome.at\/wp\/?page_id=370\">weiterlesen&#8230;<\/a><\/p>\n","protected":false},"author":1,"featured_media":0,"parent":0,"menu_order":800,"comment_status":"closed","ping_status":"closed","template":"","meta":{"footnotes":""},"class_list":["post-370","page","type-page","status-publish","hentry"],"_links":{"self":[{"href":"https:\/\/mundmtrade.cloud04.webhome.at\/wp\/index.php?rest_route=\/wp\/v2\/pages\/370","targetHints":{"allow":["GET"]}}],"collection":[{"href":"https:\/\/mundmtrade.cloud04.webhome.at\/wp\/index.php?rest_route=\/wp\/v2\/pages"}],"about":[{"href":"https:\/\/mundmtrade.cloud04.webhome.at\/wp\/index.php?rest_route=\/wp\/v2\/types\/page"}],"author":[{"embeddable":true,"href":"https:\/\/mundmtrade.cloud04.webhome.at\/wp\/index.php?rest_route=\/wp\/v2\/users\/1"}],"replies":[{"embeddable":true,"href":"https:\/\/mundmtrade.cloud04.webhome.at\/wp\/index.php?rest_route=%2Fwp%2Fv2%2Fcomments&post=370"}],"version-history":[{"count":11,"href":"https:\/\/mundmtrade.cloud04.webhome.at\/wp\/index.php?rest_route=\/wp\/v2\/pages\/370\/revisions"}],"predecessor-version":[{"id":767,"href":"https:\/\/mundmtrade.cloud04.webhome.at\/wp\/index.php?rest_route=\/wp\/v2\/pages\/370\/revisions\/767"}],"wp:attachment":[{"href":"https:\/\/mundmtrade.cloud04.webhome.at\/wp\/index.php?rest_route=%2Fwp%2Fv2%2Fmedia&parent=370"}],"curies":[{"name":"wp","href":"https:\/\/api.w.org\/{rel}","templated":true}]}}