{"id":311,"date":"2016-05-31T17:12:20","date_gmt":"2016-05-31T15:12:20","guid":{"rendered":"http:\/\/www.mundmtrade.com\/wp\/?page_id=311"},"modified":"2020-08-21T10:03:18","modified_gmt":"2020-08-21T08:03:18","slug":"team","status":"publish","type":"page","link":"https:\/\/mundmtrade.cloud04.webhome.at\/wp\/?page_id=311","title":{"rendered":"Team"},"content":{"rendered":"\n<style media=\"screen\">\r\n.tc_overlay {\r\n  background-color:rgba(0,0,0,0.7);\r\n}\r\n.tc_member-col-single{\r\n  height:rgba(0,0,0,0.7)px;\r\n}\r\n<\/style><div class=\"tc_team-members\"><div class=\"tc_team-member tc_member-col-single tc_text-center\"><div class=\"tc_member-thumb\"><img decoding=\"async\" src=\"https:\/\/www.mundmtrade.com\/wp\/wp-content\/uploads\/2017\/01\/Port\u00e4t-Alfred-scaled.jpg\" alt=\"Alfred Matt\" \/><div class=\"tc_overlay\"><h3>Alfred Matt<\/h3><h4 class=\"tc_job_role\">CEO - der Allrounder<\/h4><p class=\"tc_member-p\">Motto: \"Sei nicht \u00e4ngstlich das Gute aufzugeben, um das Gro\u00dfartige zu erreichen!\" (John D. Rockefeller)\r\nSprachen: Deutsch, Englisch, Italienisch;<\/p><ul class=\"tc_social-links tc_text-center\"><\/ul><\/div><\/div><h3>Alfred Matt<\/h3><p>CEO - der Allrounder<\/p><\/div><div class=\"tc_team-member tc_member-col-single tc_text-center\"><div class=\"tc_member-thumb\"><img decoding=\"async\" src=\"https:\/\/www.mundmtrade.com\/wp\/wp-content\/uploads\/2017\/01\/Port\u00e4t-Kristina-scaled.jpg\" alt=\"Kristina Matt\" \/><div class=\"tc_overlay\"><h3>Kristina Matt<\/h3><h4 class=\"tc_job_role\">Head of Office - die Genaue<\/h4><p class=\"tc_member-p\">Motto: \"Um unersetzbar zu sein, muss man immer anders sein.\" (Coco Chanel)\r\nSprachen: Deutsch, Serbisch, Englisch, Italienisch;<\/p><ul class=\"tc_social-links tc_text-center\"><\/ul><\/div><\/div><h3>Kristina Matt<\/h3><p>Head of Office - die Genaue<\/p><\/div><div class=\"tc_team-member tc_member-col-single tc_text-center\"><div class=\"tc_member-thumb\"><img decoding=\"async\" src=\"https:\/\/www.mundmtrade.com\/wp\/wp-content\/uploads\/2017\/01\/Portr\u00e4t-scaled.jpg\" alt=\"Sandra Pirker\" \/><div class=\"tc_overlay\"><h3>Sandra Pirker<\/h3><h4 class=\"tc_job_role\">Office Manager - die gute Seele<\/h4><p class=\"tc_member-p\">Motto: \"Ich lebe nur einmal. Deshalb lache ich sooft wie ich kann und mache das Beste aus jedem Tag.\"\r\nSprachen: Deutsch, Englisch, Spanisch, Portugisisch;<\/p><ul class=\"tc_social-links tc_text-center\"><\/ul><\/div><\/div><h3>Sandra Pirker<\/h3><p>Office Manager - die gute Seele<\/p><\/div><div class=\"tc_team-member tc_member-col-single tc_text-center\"><div class=\"tc_member-thumb\"><img decoding=\"async\" src=\"https:\/\/www.mundmtrade.com\/wp\/wp-content\/uploads\/2020\/09\/Foto-Sara-scaled.jpg\" alt=\"Sara Covelli\" \/><div class=\"tc_overlay\"><h3>Sara Covelli<\/h3><h4 class=\"tc_job_role\">\u00dcbersetzungen - das Sprachgenie<\/h4><p class=\"tc_member-p\">Motto: ''Eine Fremdsprache lernt man, um in einem fremden Land nicht nur ein Fremder zu sein''\r\nSprachen: Italienisch, Deutsch, Englisch, Spanisch;<\/p><ul class=\"tc_social-links tc_text-center\"><\/ul><\/div><\/div><h3>Sara Covelli<\/h3><p>\u00dcbersetzungen - das Sprachgenie<\/p><\/div><\/div><div style=\"clear:both;\"><\/div>\n\n\n\n<p><\/p>\n\n\n\n<p>M&amp;M Trade GMBH \u2013 INDIVIDUELL IM SERVICE &#8211; FAIR IM PREIS<\/p>\n\n\n\n<p><strong>Unser Team<\/strong><\/p>\n\n\n\n<p>Die Rahmenbedingungen f\u00fcr unternehmerischen Erfolg und Umsatzst\u00e4rke sind kein Zufall, deshalb ist das engagierte und kompetente Team rund um Gesch\u00e4ftsf\u00fchrer Alfred Matt und seiner Frau Kristina seit 2015 st\u00e4ndig bem\u00fcht, rasch und unkompliziert auf alle Anfragen und Anliegen von Kunden im Food-Servicebereich zu reagieren, wobei die Zufriedenheit der Kunden immer an erster Stelle steht. Klar definierte Abl\u00e4ufe und Strukturen, fundiertes Marktverst\u00e4ndnis und individueller Rundum-Service f\u00fcr alle Auftraggeber erm\u00f6glichen hohe Standards bei der Abwicklung der Bestellungen von Top-Tiefk\u00fchlprodukten zu fairen Preisen und sorgen f\u00fcr einen reibungslosen Kundenservice sowie rechtzeitiger Auslieferung von einem breiten Sortiment an Waren.<\/p>\n\n\n\n<p>Klare Visionen, abgestimmtes und eigenverantwortliches Agieren, eine effektive Kommunikation sowie eine lebhafte Leidenschaft f\u00fcr den Handel zeichnen die gemeinsame Zusammenarbeit aus, die von Offenheit, gegenseitigen Respekt und Vertrauen gepr\u00e4gt ist.<\/p>\n\n\n\n<p>Sie haben Fragen oder m\u00f6chten uns etwas mitteilen? <a href=\"http:\/\/www.mundmtrade.com\/wp\/?page_id=72\">HIER<\/a> finden Sie unsere Kontaktdaten. &nbsp;Wir freuen uns auf die Zusammenarbeit mit Ihnen.<\/p>\n\n\n\n\n\n<p><\/p>\n","protected":false},"excerpt":{"rendered":"<p>M&amp;M Trade GMBH \u2013 INDIVIDUELL IM SERVICE &#8211; FAIR IM PREIS Unser Team Die Rahmenbedingungen f\u00fcr unternehmerischen Erfolg und Umsatzst\u00e4rke sind kein Zufall, deshalb ist das engagierte und kompetente Team rund um Gesch\u00e4ftsf\u00fchrer Alfred Matt und seiner Frau Kristina seit 2015 st\u00e4ndig bem\u00fcht, rasch und unkompliziert auf alle Anfragen und Anliegen von Kunden im Food-Servicebereich <a class=\"more-link\" href=\"https:\/\/mundmtrade.cloud04.webhome.at\/wp\/?page_id=311\">weiterlesen&#8230;<\/a><\/p>\n","protected":false},"author":1,"featured_media":0,"parent":0,"menu_order":40,"comment_status":"closed","ping_status":"closed","template":"","meta":{"footnotes":""},"class_list":["post-311","page","type-page","status-publish","hentry"],"_links":{"self":[{"href":"https:\/\/mundmtrade.cloud04.webhome.at\/wp\/index.php?rest_route=\/wp\/v2\/pages\/311","targetHints":{"allow":["GET"]}}],"collection":[{"href":"https:\/\/mundmtrade.cloud04.webhome.at\/wp\/index.php?rest_route=\/wp\/v2\/pages"}],"about":[{"href":"https:\/\/mundmtrade.cloud04.webhome.at\/wp\/index.php?rest_route=\/wp\/v2\/types\/page"}],"author":[{"embeddable":true,"href":"https:\/\/mundmtrade.cloud04.webhome.at\/wp\/index.php?rest_route=\/wp\/v2\/users\/1"}],"replies":[{"embeddable":true,"href":"https:\/\/mundmtrade.cloud04.webhome.at\/wp\/index.php?rest_route=%2Fwp%2Fv2%2Fcomments&post=311"}],"version-history":[{"count":20,"href":"https:\/\/mundmtrade.cloud04.webhome.at\/wp\/index.php?rest_route=\/wp\/v2\/pages\/311\/revisions"}],"predecessor-version":[{"id":543,"href":"https:\/\/mundmtrade.cloud04.webhome.at\/wp\/index.php?rest_route=\/wp\/v2\/pages\/311\/revisions\/543"}],"wp:attachment":[{"href":"https:\/\/mundmtrade.cloud04.webhome.at\/wp\/index.php?rest_route=%2Fwp%2Fv2%2Fmedia&parent=311"}],"curies":[{"name":"wp","href":"https:\/\/api.w.org\/{rel}","templated":true}]}}